{"id":2398,"date":"2021-07-02T06:07:04","date_gmt":"2021-07-02T06:07:04","guid":{"rendered":"https:\/\/lelacbleu.com\/?page_id=2398"},"modified":"2025-06-01T10:24:20","modified_gmt":"2025-06-01T10:24:20","slug":"le-lac-bleu-francais-2","status":"publish","type":"page","link":"https:\/\/lelacbleu.com\/?page_id=2398&lang=fr","title":{"rendered":"Le Lac Bleu &#8211; Fran\u00e7ais"},"content":{"rendered":"<p>[vc_row content_placement=&#8221;middle&#8221; disable_element=&#8221;yes&#8221; row_content_width=&#8221;grid&#8221; content_text_aligment=&#8221;center&#8221; css=&#8221;.vc_custom_1580370303175{padding-bottom: 0px !important;}&#8221; el_id=&#8221;verhuur&#8221;][vc_column][vc_empty_space height=&#8221;50px&#8221;]<div\n    class=\"qodef-section-title-holder  qodef-st-standard qodef-st-title-left qodef-st-normal-space \" style=\"text-align: center\">\n    <div class=\"qodef-st-inner\">\n                    <div class=\"qodef-st-label\">\n                Le Lac Bleu            <\/div>\n        <h1 class=\"qodef-st-title\" >Verhuur<\/h1>    <\/div>\n<\/div>[vc_empty_space height=&#8221;50px&#8221;][vc_single_image image=&#8221;2270&#8243; img_size=&#8221;full&#8221; alignment=&#8221;center&#8221;][vc_empty_space height=&#8221;50px&#8221;][\/vc_column][\/vc_row][vc_row css=&#8221;.vc_custom_1562101605101{padding-bottom: 0px !important;}&#8221; el_id=&#8221;ligging&#8221;][vc_column][vc_empty_space height=&#8221;50px&#8221;]<div\n    class=\"qodef-section-title-holder  qodef-st-standard qodef-st-title-left qodef-st-normal-space \" style=\"text-align: center\">\n    <div class=\"qodef-st-inner\">\n                    <div class=\"qodef-st-label\">\n                Le Lac Bleu            <\/div>\n        <h1 class=\"qodef-st-title\" >La r\u00e9gion<\/h1>    <\/div>\n<\/div>[\/vc_column][\/vc_row][vc_row row_content_width=&#8221;grid&#8221; simple_background_color=&#8221;#ffffff&#8221; css=&#8221;.vc_custom_1562334533758{padding-bottom: 77px !important;}&#8221;][vc_column offset=&#8221;vc_col-lg-4 vc_col-md-12 vc_col-xs-12&#8243;][vc_empty_space height=&#8221;30px&#8221;][vc_column_text]Chacun r\u00eave parfois de vivre comme Dieu en France. Vous pouvez d\u00e9sormais r\u00e9aliser ce r\u00eave de mani\u00e8re abordable, dans une r\u00e9gion au climat agr\u00e9able et pourtant \u00e0 une distance relativement courte de la Belgique et des Pays-Bas.<\/p>\n<p>Le domaine Le Lac Bleu est situ\u00e9 dans la belle r\u00e9gion du Lot, pr\u00e8s du village de Lacapelle-Marival, qui a \u00e9t\u00e9 choisi comme l&#8217;un des 148 plus beaux villages de France. La r\u00e9gion du Lot offre un large \u00e9ventail de possibilit\u00e9s, afin que chacun puisse profiter de vacances merveilleuses.<\/p>\n<p>Les villes m\u00e9di\u00e9vales de Figeac, St-C\u00e9r\u00e9 et Gramat ainsi que de nombreux villages class\u00e9s par l&#8217;UNESCO ne sont qu&#8217;\u00e0 une courte distance et offrent un aper\u00e7u du riche pass\u00e9 de la r\u00e9gion. C&#8217;est un plaisir de se promener dans les rues et les ruelles qui respirent encore l&#8217;atmosph\u00e8re m\u00e9di\u00e9vale. Un peu plus loin se trouvent de belles villes comme Cahors, Rocamadour, Gourdon, Martel, Sarlat-La-Can\u00e9da, St-Cirq-Lapopie,&#8230;[\/vc_column_text][\/vc_column][vc_column offset=&#8221;vc_col-lg-4 vc_col-md-12 vc_col-xs-12&#8243;][vc_empty_space height=&#8221;50px&#8221;][vc_single_image image=&#8221;2228&#8243; img_size=&#8221;large&#8221; alignment=&#8221;center&#8221;][vc_empty_space height=&#8221;24px&#8221;][vc_single_image image=&#8221;2219&#8243; img_size=&#8221;large&#8221; alignment=&#8221;center&#8221;][vc_empty_space height=&#8221;24px&#8221;][vc_single_image image=&#8221;2217&#8243; img_size=&#8221;large&#8221; alignment=&#8221;center&#8221;][\/vc_column][vc_column offset=&#8221;vc_col-lg-4 vc_col-md-12 vc_col-xs-12&#8243;][vc_empty_space height=&#8221;50px&#8221;][vc_single_image image=&#8221;2176&#8243; img_size=&#8221;large&#8221; alignment=&#8221;center&#8221; onclick=&#8221;zoom&#8221;][vc_empty_space height=&#8221;15px&#8221;][vc_single_image image=&#8221;2225&#8243; img_size=&#8221;large&#8221; alignment=&#8221;center&#8221;][\/vc_column][\/vc_row][vc_row content_placement=&#8221;middle&#8221; row_content_width=&#8221;grid&#8221;][vc_column width=&#8221;1\/2&#8243;][vc_video link=&#8221;https:\/\/www.youtube.com\/watch?v=gJkzDOGkIhI&#8221;][vc_column_text]<\/p>\n<h4>Un avant-go\u00fbt de la belle r\u00e9gion de Lacapelle.<\/h4>\n<p>[\/vc_column_text][\/vc_column][vc_column width=&#8221;1\/2&#8243;][vc_video link=&#8221;https:\/\/www.youtube.com\/watch?v=qWtgAExpe_Y&#8221;][vc_column_text]<\/p>\n<h4>Ici, vous pouvez vraiment vous d\u00e9tendre.<\/h4>\n<p>[\/vc_column_text][\/vc_column][\/vc_row][vc_row css=&#8221;.vc_custom_1562101613069{padding-bottom: 0px !important;}&#8221; el_id=&#8221;troeven&#8221;][vc_column][vc_empty_space height=&#8221;50px&#8221;]<div\n    class=\"qodef-section-title-holder  qodef-st-standard qodef-st-title-left qodef-st-normal-space \" style=\"text-align: center\">\n    <div class=\"qodef-st-inner\">\n                    <div class=\"qodef-st-label\">\n                Le Lac Bleu            <\/div>\n        <h1 class=\"qodef-st-title\" >Actifs<\/h1>    <\/div>\n<\/div>[\/vc_column][\/vc_row][vc_row row_content_width=&#8221;grid&#8221; simple_background_color=&#8221;#ffffff&#8221; css=&#8221;.vc_custom_1522324028815{padding-bottom: 77px !important;}&#8221;][vc_column][vc_empty_space height=&#8221;50px&#8221;][vc_column_text]<\/p>\n<h4>La r\u00e9gion du Lot est un paradis pour les gourmets. Le foie gras, les truffes, le cab\u00e9cou et les d\u00e9licieux vins locaux garantissent un plaisir gastronomique inoubliable. Il faudra de nombreuses ann\u00e9es pour d\u00e9couvrir tous les atouts de cette belle r\u00e9gion ! Et vos locataires voudront certainement revenir dans ce coin de paradis sur terre.<\/h4>\n<p>[\/vc_column_text][\/vc_column][vc_column width=&#8221;1\/3&#8243;][vc_empty_space height=&#8221;50px&#8221;][vc_column_text]<\/p>\n<h4>    <span class=\"qodef-icon-shortcode normal   qodef-icon-tiny\" style=\"margin: 0 10px 0 0;width: 20px;height: 20px;line-height: 20px\" data-color=\"#2a80c1\">\n                    <i class=\"qodef-icon-font-awesome fa fa-check qodef-icon-element\" style=\"color: #2a80c1\" ><\/i>            <\/span>\n Temps de trajet limit\u00e9<\/h4>\n<h4>    <span class=\"qodef-icon-shortcode normal   qodef-icon-tiny\" style=\"margin: 0 10px 0 0;width: 20px;height: 20px;line-height: 20px\" data-color=\"#2a80c1\">\n                    <i class=\"qodef-icon-font-awesome fa fa-check qodef-icon-element\" style=\"color: #2a80c1\" ><\/i>            <\/span>\nRustige ligging<\/h4>\n<h4>    <span class=\"qodef-icon-shortcode normal   qodef-icon-tiny\" style=\"margin: 0 10px 0 0;width: 20px;height: 20px;line-height: 20px\" data-color=\"#2a80c1\">\n                    <i class=\"qodef-icon-font-awesome fa fa-check qodef-icon-element\" style=\"color: #2a80c1\" ><\/i>            <\/span>\nTout nouveau complexe<\/h4>\n<p>[\/vc_column_text][vc_empty_space height=&#8221;50px&#8221;][\/vc_column][vc_column width=&#8221;1\/3&#8243;][vc_empty_space height=&#8221;50px&#8221;][vc_column_text]<\/p>\n<h4>    <span class=\"qodef-icon-shortcode normal   qodef-icon-tiny\" style=\"margin: 0 10px 0 0;width: 20px;height: 20px;line-height: 20px\" data-color=\"#2a80c1\">\n                    <i class=\"qodef-icon-font-awesome fa fa-check qodef-icon-element\" style=\"color: #2a80c1\" ><\/i>            <\/span>\nInstallations de loisirs<\/h4>\n<h4>    <span class=\"qodef-icon-shortcode normal   qodef-icon-tiny\" style=\"margin: 0 10px 0 0;width: 20px;height: 20px;line-height: 20px\" data-color=\"#2a80c1\">\n                    <i class=\"qodef-icon-font-awesome fa fa-check qodef-icon-element\" style=\"color: #2a80c1\" ><\/i>            <\/span>\nUne nature magnifique<\/h4>\n<h4>    <span class=\"qodef-icon-shortcode normal   qodef-icon-tiny\" style=\"margin: 0 10px 0 0;width: 20px;height: 20px;line-height: 20px\" data-color=\"#2a80c1\">\n                    <i class=\"qodef-icon-font-awesome fa fa-check qodef-icon-element\" style=\"color: #2a80c1\" ><\/i>            <\/span>\nGastronomie<\/h4>\n<p>[\/vc_column_text][vc_empty_space height=&#8221;50px&#8221;][\/vc_column][vc_column width=&#8221;1\/3&#8243;][vc_empty_space height=&#8221;50px&#8221;][vc_column_text]<\/p>\n<h4>    <span class=\"qodef-icon-shortcode normal   qodef-icon-tiny\" style=\"margin: 0 10px 0 0;width: 20px;height: 20px;line-height: 20px\" data-color=\"#2a80c1\">\n                    <i class=\"qodef-icon-font-awesome fa fa-check qodef-icon-element\" style=\"color: #2a80c1\" ><\/i>            <\/span>\n Villes et villages authentiques<\/h4>\n<h4>    <span class=\"qodef-icon-shortcode normal   qodef-icon-tiny\" style=\"margin: 0 10px 0 0;width: 20px;height: 20px;line-height: 20px\" data-color=\"#2a80c1\">\n                    <i class=\"qodef-icon-font-awesome fa fa-check qodef-icon-element\" style=\"color: #2a80c1\" ><\/i>            <\/span>\nPossibilit\u00e9s de location<\/h4>\n<h4>    <span class=\"qodef-icon-shortcode normal   qodef-icon-tiny\" style=\"margin: 0 10px 0 0;width: 20px;height: 20px;line-height: 20px\" data-color=\"#2a80c1\">\n                    <i class=\"qodef-icon-font-awesome fa fa-check qodef-icon-element\" style=\"color: #2a80c1\" ><\/i>            <\/span>\n Un investissement s\u00fbr<\/h4>\n<p>[\/vc_column_text][vc_empty_space height=&#8221;50px&#8221;][\/vc_column][\/vc_row][vc_row row_content_width=&#8221;grid&#8221; css=&#8221;.vc_custom_1562101621758{padding-bottom: 0px !important;}&#8221; el_id=&#8221;woningtypes&#8221;][vc_column][vc_empty_space height=&#8221;50px&#8221;]<div\n    class=\"qodef-section-title-holder  qodef-st-standard qodef-st-title-left qodef-st-normal-space \" style=\"text-align: center\">\n    <div class=\"qodef-st-inner\">\n                    <div class=\"qodef-st-label\">\n                Le Lac Bleu            <\/div>\n        <h1 class=\"qodef-st-title\" >Les maisons<\/h1>    <\/div>\n<\/div>[vc_empty_space height=&#8221;50px&#8221;][vc_column_text]<\/p>\n<h4>Nous proposons 4 types de maisons.<\/h4>\n<p>[\/vc_column_text][\/vc_column][\/vc_row][vc_row row_content_width=&#8221;grid&#8221; simple_background_color=&#8221;#ffffff&#8221; css=&#8221;.vc_custom_1522324028815{padding-bottom: 77px !important;}&#8221;][vc_column width=&#8221;1\/3&#8243;][vc_empty_space height=&#8221;50px&#8221;][vc_column_text]<\/p>\n<h4 style=\"text-align: left;\">Rez-de-chauss\u00e9e<\/h4>\n<p>[\/vc_column_text][vc_empty_space height=&#8221;30px&#8221;][vc_column_text]<\/p>\n<h4>    <span class=\"qodef-icon-shortcode normal   qodef-icon-tiny\" style=\"margin: 0 10px 0 0;width: 20px;height: 20px;line-height: 20px\" data-color=\"#2a80c1\">\n                    <i class=\"qodef-icon-font-awesome fa fa-check qodef-icon-element\" style=\"color: #2a80c1\" ><\/i>            <\/span>\nCuisine ouverte avec salle \u00e0 manger<\/h4>\n<h4>    <span class=\"qodef-icon-shortcode normal   qodef-icon-tiny\" style=\"margin: 0 10px 0 0;width: 20px;height: 20px;line-height: 20px\" data-color=\"#2a80c1\">\n                    <i class=\"qodef-icon-font-awesome fa fa-check qodef-icon-element\" style=\"color: #2a80c1\" ><\/i>            <\/span>\nToilettes s\u00e9par\u00e9es<\/h4>\n<h4>    <span class=\"qodef-icon-shortcode normal   qodef-icon-tiny\" style=\"margin: 0 10px 0 0;width: 20px;height: 20px;line-height: 20px\" data-color=\"#2a80c1\">\n                    <i class=\"qodef-icon-font-awesome fa fa-check qodef-icon-element\" style=\"color: #2a80c1\" ><\/i>            <\/span>\n2 chambres, salle de douche et lavabo<\/h4>\n<h4>    <span class=\"qodef-icon-shortcode normal   qodef-icon-tiny\" style=\"margin: 0 10px 0 0;width: 20px;height: 20px;line-height: 20px\" data-color=\"#2a80c1\">\n                    <i class=\"qodef-icon-font-awesome fa fa-check qodef-icon-element\" style=\"color: #2a80c1\" ><\/i>            <\/span>\nTerrasse ext\u00e9rieure<\/h4>\n<p>[\/vc_column_text][\/vc_column][vc_column width=&#8221;1\/3&#8243;][vc_empty_space height=&#8221;50px&#8221;][vc_column_text]<\/p>\n<h4 style=\"text-align: left;\">Plus profond<\/h4>\n<p>[\/vc_column_text][vc_empty_space height=&#8221;30px&#8221;][vc_column_text]<\/p>\n<h4>    <span class=\"qodef-icon-shortcode normal   qodef-icon-tiny\" style=\"margin: 0 10px 0 0;width: 20px;height: 20px;line-height: 20px\" data-color=\"#2a80c1\">\n                    <i class=\"qodef-icon-font-awesome fa fa-check qodef-icon-element\" style=\"color: #2a80c1\" ><\/i>            <\/span>\nSalon<\/h4>\n<h4>    <span class=\"qodef-icon-shortcode normal   qodef-icon-tiny\" style=\"margin: 0 10px 0 0;width: 20px;height: 20px;line-height: 20px\" data-color=\"#2a80c1\">\n                    <i class=\"qodef-icon-font-awesome fa fa-check qodef-icon-element\" style=\"color: #2a80c1\" ><\/i>            <\/span>\nChambre \u00e0 coucher<\/h4>\n<h4>    <span class=\"qodef-icon-shortcode normal   qodef-icon-tiny\" style=\"margin: 0 10px 0 0;width: 20px;height: 20px;line-height: 20px\" data-color=\"#2a80c1\">\n                    <i class=\"qodef-icon-font-awesome fa fa-check qodef-icon-element\" style=\"color: #2a80c1\" ><\/i>            <\/span>\nSalle de bain<\/h4>\n<h4>    <span class=\"qodef-icon-shortcode normal   qodef-icon-tiny\" style=\"margin: 0 10px 0 0;width: 20px;height: 20px;line-height: 20px\" data-color=\"#2a80c1\">\n                    <i class=\"qodef-icon-font-awesome fa fa-check qodef-icon-element\" style=\"color: #2a80c1\" ><\/i>            <\/span>\nStockage scell\u00e9<\/h4>\n<p>[\/vc_column_text][\/vc_column][vc_column width=&#8221;1\/3&#8243;][vc_empty_space height=&#8221;50px&#8221;][vc_column_text]<\/p>\n<h4 style=\"text-align: left;\">Meilleures normes de qualit\u00e9<\/h4>\n<p>[\/vc_column_text][vc_empty_space height=&#8221;30px&#8221;][vc_column_text]<\/p>\n<h4>    <span class=\"qodef-icon-shortcode normal   qodef-icon-tiny\" style=\"margin: 0 10px 0 0;width: 20px;height: 20px;line-height: 20px\" data-color=\"#2a80c1\">\n                    <i class=\"qodef-icon-font-awesome fa fa-check qodef-icon-element\" style=\"color: #2a80c1\" ><\/i>            <\/span>\nConstruction de maisons traditionnelles<\/h4>\n<h4>    <span class=\"qodef-icon-shortcode normal   qodef-icon-tiny\" style=\"margin: 0 10px 0 0;width: 20px;height: 20px;line-height: 20px\" data-color=\"#2a80c1\">\n                    <i class=\"qodef-icon-font-awesome fa fa-check qodef-icon-element\" style=\"color: #2a80c1\" ><\/i>            <\/span>\nTuiles rustiques<\/h4>\n<h4>    <span class=\"qodef-icon-shortcode normal   qodef-icon-tiny\" style=\"margin: 0 10px 0 0;width: 20px;height: 20px;line-height: 20px\" data-color=\"#2a80c1\">\n                    <i class=\"qodef-icon-font-awesome fa fa-check qodef-icon-element\" style=\"color: #2a80c1\" ><\/i>            <\/span>\nExcellente isolation<\/h4>\n<h4>    <span class=\"qodef-icon-shortcode normal   qodef-icon-tiny\" style=\"margin: 0 10px 0 0;width: 20px;height: 20px;line-height: 20px\" data-color=\"#2a80c1\">\n                    <i class=\"qodef-icon-font-awesome fa fa-check qodef-icon-element\" style=\"color: #2a80c1\" ><\/i>            <\/span>\nDouble vitrage<\/h4>\n<h4>    <span class=\"qodef-icon-shortcode normal   qodef-icon-tiny\" style=\"margin: 0 10px 0 0;width: 20px;height: 20px;line-height: 20px\" data-color=\"#2a80c1\">\n                    <i class=\"qodef-icon-font-awesome fa fa-check qodef-icon-element\" style=\"color: #2a80c1\" ><\/i>            <\/span>\nVolets \u00e9lectriques<\/h4>\n<p>[\/vc_column_text][\/vc_column][vc_column width=&#8221;1\/2&#8243;][vc_empty_space height=&#8221;50px&#8221;]<div class=\"qodef-single-image-holder   \">\n    <div class=\"qodef-si-inner\" >\n                                    <img width=\"392\" height=\"1008\" src=\"https:\/\/lelacbleu.com\/wp-content\/uploads\/2019\/07\/typeab.png\" class=\"attachment-full size-full\" alt=\"\" loading=\"lazy\" srcset=\"https:\/\/lelacbleu.com\/wp-content\/uploads\/2019\/07\/typeab.png 392w, https:\/\/lelacbleu.com\/wp-content\/uploads\/2019\/07\/typeab-117x300.png 117w\" sizes=\"(max-width: 392px) 100vw, 392px\" \/>                        <\/div>\n<\/div>[\/vc_column][vc_column width=&#8221;1\/2&#8243;][vc_empty_space height=&#8221;50px&#8221;]<div class=\"qodef-single-image-holder   \">\n    <div class=\"qodef-si-inner\" >\n                                    <img width=\"392\" height=\"1008\" src=\"https:\/\/lelacbleu.com\/wp-content\/uploads\/2019\/07\/typecd.png\" class=\"attachment-full size-full\" alt=\"\" loading=\"lazy\" srcset=\"https:\/\/lelacbleu.com\/wp-content\/uploads\/2019\/07\/typecd.png 392w, https:\/\/lelacbleu.com\/wp-content\/uploads\/2019\/07\/typecd-117x300.png 117w\" sizes=\"(max-width: 392px) 100vw, 392px\" \/>                        <\/div>\n<\/div>[\/vc_column][\/vc_row][vc_row content_placement=&#8221;middle&#8221; row_content_width=&#8221;grid&#8221; content_text_aligment=&#8221;center&#8221; css=&#8221;.vc_custom_1625231366342{padding-bottom: 0px !important;}&#8221; el_id=&#8221;foto&#8221;][vc_column][vc_empty_space height=&#8221;50px&#8221;]<div\n    class=\"qodef-section-title-holder  qodef-st-standard qodef-st-title-left qodef-st-normal-space \" style=\"text-align: center\">\n    <div class=\"qodef-st-inner\">\n                    <div class=\"qodef-st-label\">\n                Le Lac Bleu            <\/div>\n        <h1 class=\"qodef-st-title\" >Galerie de photos<\/h1>    <\/div>\n<\/div>[vc_empty_space height=&#8221;50px&#8221;][vc_empty_space height=&#8221;50px&#8221;][vc_masonry_media_grid grid_id=&#8221;vc_gid:1748773449150-87d7b1bf-2387-8&#8243; include=&#8221;2440,2445,2446,2447,2448,2449,2450,2451,2452,2453,2454,2455,2456,2457,2458,2459,2460,2461,2441,2442,2444,2439,2443,2438,2437&#8243;][\/vc_column][\/vc_row][vc_row content_placement=&#8221;middle&#8221; row_content_width=&#8221;grid&#8221; content_text_aligment=&#8221;center&#8221; css=&#8221;.vc_custom_1562171919902{padding-bottom: 0px !important;}&#8221;][vc_column][vc_empty_space height=&#8221;50px&#8221;]<div\n    class=\"qodef-section-title-holder  qodef-st-standard qodef-st-title-left qodef-st-normal-space \" style=\"text-align: center\">\n    <div class=\"qodef-st-inner\">\n                    <div class=\"qodef-st-label\">\n                Le Lac Bleu            <\/div>\n        <h1 class=\"qodef-st-title\" >Location<\/h1>    <\/div>\n<\/div>[vc_empty_space height=&#8221;50px&#8221;][vc_column_text]<\/p>\n<h4>Si vous \u00eates int\u00e9ress\u00e9 par la location d&#8217;un bien, contactez-nous par courriel \u00e0 l&#8217;adresse suivante<\/h4>\n<h4><a href=\"mailto:info@lelacbleu.com\"> info@lelacbleu.com<\/a><\/h4>\n<p>[\/vc_column_text][vc_empty_space height=&#8221;50px&#8221;][\/vc_column][\/vc_row][vc_row content_placement=&#8221;middle&#8221; row_content_width=&#8221;grid&#8221; content_text_aligment=&#8221;center&#8221; css=&#8221;.vc_custom_1562171919902{padding-bottom: 0px !important;}&#8221; el_id=&#8221;verkoop&#8221;][vc_column][vc_empty_space height=&#8221;50px&#8221;]<div\n    class=\"qodef-section-title-holder  qodef-st-standard qodef-st-title-left qodef-st-normal-space \" style=\"text-align: center\">\n    <div class=\"qodef-st-inner\">\n                    <div class=\"qodef-st-label\">\n                Le Lac Bleu            <\/div>\n        <h1 class=\"qodef-st-title\" >Ventes<\/h1>    <\/div>\n<\/div>[vc_empty_space height=&#8221;50px&#8221;][vc_column_text]<\/p>\n<h4>Si vous \u00eates int\u00e9ress\u00e9 par l&#8217;une de nos propri\u00e9t\u00e9s, veuillez nous contacter par courriel \u00e0 l&#8217;adresse suivante<\/h4>\n<h4><a href=\"mailto:info@lelacbleu.com\">info@lelacbleu.com<\/a><\/h4>\n<p>[\/vc_column_text][vc_empty_space height=&#8221;50px&#8221;][\/vc_column][\/vc_row][vc_row content_placement=&#8221;middle&#8221; row_content_width=&#8221;grid&#8221; content_text_aligment=&#8221;center&#8221; css=&#8221;.vc_custom_1562173077991{padding-bottom: 0px !important;}&#8221; el_id=&#8221;contact&#8221;][vc_column][vc_empty_space height=&#8221;50px&#8221;]<div\n    class=\"qodef-section-title-holder  qodef-st-standard qodef-st-title-left qodef-st-normal-space \" style=\"text-align: center\">\n    <div class=\"qodef-st-inner\">\n                    <div class=\"qodef-st-label\">\n                Le Lac Bleu            <\/div>\n        <h1 class=\"qodef-st-title\" >Contact<\/h1>    <\/div>\n<\/div>[vc_empty_space height=&#8221;50px&#8221;][vc_column_text]<\/p>\n<h4><span style=\"color: #2a80c1;\"><strong>Adresse<\/strong><\/span><\/h4>\n<h4>Le Lac Bleu<br \/>\nF-46120 LACAPELLE-MARIVAL<\/h4>\n<p>&nbsp;<\/p>\n<h4><span style=\"color: #2a80c1;\"><strong>Questions g\u00e9n\u00e9rales<\/strong><\/span><\/h4>\n<h4><a href=\"mailto:info@lelacbleu.eu\">info@lelacbleu.com<\/a><br \/>\n<a class=\"_ps2id\" href=\"http:\/\/+33 687 97 60 82\" data-ps2id-offset=\"\">+33 687 97 60 82<\/a><\/h4>\n<p>[\/vc_column_text][vc_empty_space height=&#8221;50px&#8221;][\/vc_column][\/vc_row]<\/p>\n","protected":false},"excerpt":{"rendered":"<p>[vc_row content_placement=&#8221;middle&#8221; disable_element=&#8221;yes&#8221; row_content_width=&#8221;grid&#8221; content_text_aligment=&#8221;center&#8221; css=&#8221;.vc_custom_1580370303175{padding-bottom: 0px !important;}&#8221; el_id=&#8221;verhuur&#8221;][vc_column][vc_empty_space height=&#8221;50px&#8221;][vc_empty_space height=&#8221;50px&#8221;][vc_single_image image=&#8221;2270&#8243; img_size=&#8221;full&#8221; alignment=&#8221;center&#8221;][vc_empty_space height=&#8221;50px&#8221;][\/vc_column][\/vc_row][vc_row css=&#8221;.vc_custom_1562101605101{padding-bottom: 0px !important;}&#8221; el_id=&#8221;ligging&#8221;][vc_column][vc_empty_space height=&#8221;50px&#8221;][\/vc_column][\/vc_row][vc_row row_content_width=&#8221;grid&#8221; simple_background_color=&#8221;#ffffff&#8221; css=&#8221;.vc_custom_1562334533758{padding-bottom: 77px !important;}&#8221;][vc_column offset=&#8221;vc_col-lg-4 vc_col-md-12 vc_col-xs-12&#8243;][vc_empty_space height=&#8221;30px&#8221;][vc_column_text]Chacun r\u00eave parfois de vivre comme Dieu en France. Vous pouvez d\u00e9sormais [&hellip;]<\/p>\n","protected":false},"author":1,"featured_media":0,"parent":0,"menu_order":0,"comment_status":"closed","ping_status":"closed","template":"full-width.php","meta":[],"_links":{"self":[{"href":"https:\/\/lelacbleu.com\/index.php?rest_route=\/wp\/v2\/pages\/2398"}],"collection":[{"href":"https:\/\/lelacbleu.com\/index.php?rest_route=\/wp\/v2\/pages"}],"about":[{"href":"https:\/\/lelacbleu.com\/index.php?rest_route=\/wp\/v2\/types\/page"}],"author":[{"embeddable":true,"href":"https:\/\/lelacbleu.com\/index.php?rest_route=\/wp\/v2\/users\/1"}],"replies":[{"embeddable":true,"href":"https:\/\/lelacbleu.com\/index.php?rest_route=%2Fwp%2Fv2%2Fcomments&post=2398"}],"version-history":[{"count":17,"href":"https:\/\/lelacbleu.com\/index.php?rest_route=\/wp\/v2\/pages\/2398\/revisions"}],"predecessor-version":[{"id":2558,"href":"https:\/\/lelacbleu.com\/index.php?rest_route=\/wp\/v2\/pages\/2398\/revisions\/2558"}],"wp:attachment":[{"href":"https:\/\/lelacbleu.com\/index.php?rest_route=%2Fwp%2Fv2%2Fmedia&parent=2398"}],"curies":[{"name":"wp","href":"https:\/\/api.w.org\/{rel}","templated":true}]}}